{"id":50092,"date":"2021-11-05T11:25:33","date_gmt":"2021-11-05T10:25:33","guid":{"rendered":"https:\/\/www.noriviterie.it\/chi-siamo\/"},"modified":"2024-03-01T11:16:04","modified_gmt":"2024-03-01T10:16:04","slug":"chi-siamo","status":"publish","type":"page","link":"https:\/\/www.noriviterie.it\/en\/chi-siamo\/","title":{"rendered":"Company"},"content":{"rendered":"<p>[et_pb_section fb_built=&#8221;1&#8243; _builder_version=&#8221;4.16&#8243; custom_margin=&#8221;||60px||false|false&#8221; custom_padding=&#8221;||||true|false&#8221; global_colors_info=&#8221;{}&#8221;][et_pb_row column_structure=&#8221;1_2,1_2&#8243; use_custom_gutter=&#8221;on&#8221; gutter_width=&#8221;2&#8243; make_equal=&#8221;on&#8221; _builder_version=&#8221;4.16&#8243; width_tablet=&#8221;90%&#8221; width_phone=&#8221;90%&#8221; width_last_edited=&#8221;off|tablet&#8221; max_width_tablet=&#8221;90%&#8221; max_width_phone=&#8221;90%&#8221; max_width_last_edited=&#8221;off|phone&#8221; custom_margin=&#8221;||36px&#8221; global_colors_info=&#8221;{}&#8221;][et_pb_column type=&#8221;1_2&#8243; _builder_version=&#8221;4.16&#8243; global_colors_info=&#8221;{}&#8221;][et_pb_text _builder_version=&#8221;4.17.4&#8243; text_font=&#8221;|600||on|||||&#8221; text_text_color=&#8221;gcid-ec6a7223-83e2-4ce4-9e62-571611233803&#8243; text_letter_spacing=&#8221;2px&#8221; text_line_height=&#8221;1.3em&#8221; hover_enabled=&#8221;0&#8243; global_colors_info=&#8221;{%22gcid-ec6a7223-83e2-4ce4-9e62-571611233803%22:%91%22text_text_color%22%93}&#8221; sticky_enabled=&#8221;0&#8243;]<\/p>\n<p>Company<\/p>\n<p>[\/et_pb_text][et_pb_text _builder_version=&#8221;4.17.4&#8243; header_font=&#8221;|300|||||||&#8221; header_font_size=&#8221;40px&#8221; header_2_font=&#8221;Poppins|300|||||||&#8221; header_2_text_color=&#8221;#000000&#8243; header_2_font_size=&#8221;40px&#8221; header_2_line_height=&#8221;1.4em&#8221; custom_margin_tablet=&#8221;-16px||7px&#8221; custom_margin_phone=&#8221;-13px||6px&#8221; custom_margin_last_edited=&#8221;on|desktop&#8221; hover_enabled=&#8221;0&#8243; header_font_size_tablet=&#8221;35px&#8221; header_font_size_phone=&#8221;28px&#8221; header_font_size_last_edited=&#8221;on|desktop&#8221; header_2_font_size_tablet=&#8221;&#8221; header_2_font_size_phone=&#8221;25px&#8221; header_2_font_size_last_edited=&#8221;on|desktop&#8221; global_colors_info=&#8221;{}&#8221; sticky_enabled=&#8221;0&#8243;]<\/p>\n<h1>VITAL SPA<\/h1>\n<p>[\/et_pb_text][et_pb_text _builder_version=&#8221;4.17.4&#8243; text_font=&#8221;|300|||||||&#8221; text_text_color=&#8221;#000000&#8243; max_width=&#8221;493px&#8221; max_width_tablet=&#8221;100%&#8221; max_width_phone=&#8221;&#8221; max_width_last_edited=&#8221;on|tablet&#8221; custom_padding=&#8221;12px|30px||&#8221; custom_padding_tablet=&#8221;0px|0px||&#8221; custom_padding_phone=&#8221;0px|0px||&#8221; custom_padding_last_edited=&#8221;on|desktop&#8221; hover_enabled=&#8221;0&#8243; global_colors_info=&#8221;{}&#8221; sticky_enabled=&#8221;0&#8243;]<\/p>\n<div>Since decades, VITAL S.p.A. has been synonymous of quality and reliability in the world of Fasteners.<\/div>\n<div>In the current market, our strength points are High-Level Products and Fast Supplies with availability to meet customers\u2019 needs, whether they are large industries or small end users.<\/p>\n<\/div>\n<div>Our customers can count on 15,000 available items and a prepared technical-commercial service that il always ready to propose and identify the best solutions, without ever forgetting convenience and savings.<\/div>\n<div>The network of strong relationships we have built over the 50 years of history with national and international manufacturers, allows us to implement any particular design with interesting economic conditions and a high level of quality.<\/p>\n<\/div>\n<div>Choosing VITAL S.p.A. means to choose solid relationships.<\/div>\n<p>[\/et_pb_text][et_pb_button button_url=&#8221;@ET-DC@eyJkeW5hbWljIjp0cnVlLCJjb250ZW50IjoicG9zdF9saW5rX3VybF9wYWdlIiwic2V0dGluZ3MiOnsicG9zdF9pZCI6IjQ5NTMzIn19@&#8221; button_text=&#8221;Find out more&#8221; button_alignment=&#8221;left&#8221; admin_label=&#8221;Pulsante&#8221; _builder_version=&#8221;4.17.4&#8243; _dynamic_attributes=&#8221;button_url&#8221; _module_preset=&#8221;default&#8221; custom_button=&#8221;on&#8221; button_text_size=&#8221;15px&#8221; button_text_color=&#8221;#FFFFFF&#8221; button_bg_color=&#8221;gcid-ec6a7223-83e2-4ce4-9e62-571611233803&#8243; button_border_width=&#8221;0px&#8221; button_border_color=&#8221;gcid-ec6a7223-83e2-4ce4-9e62-571611233803&#8243; button_border_radius=&#8221;100px&#8221; button_font=&#8221;|600||on|||||&#8221; button_use_icon=&#8221;off&#8221; custom_margin=&#8221;25px||||false|false&#8221; custom_margin_tablet=&#8221;25px|||69px|false|false&#8221; custom_margin_phone=&#8221;-5px|||69px|false|false&#8221; custom_margin_last_edited=&#8221;off|desktop&#8221; custom_padding=&#8221;15px|40px|15px|40px|true|true&#8221; hover_enabled=&#8221;0&#8243; background_layout_last_edited=&#8221;off|desktop&#8221; global_colors_info=&#8221;{%22gcid-47054853-5c0c-4686-8092-87413fe3d53f%22:%91%22button_text_color__hover%22%93,%22gcid-ec6a7223-83e2-4ce4-9e62-571611233803%22:%91%22button_bg_color%22,%22button_border_color%22,%22button_bg_color__hover%22,%22button_border_color__hover%22%93}&#8221; button_text_color__hover_enabled=&#8221;on|hover&#8221; button_text_color__hover=&#8221;#333333&#8243; button_bg_color__hover_enabled=&#8221;on|hover&#8221; button_bg_color__hover=&#8221;#fbe200&#8243; button_bg_enable_color__hover=&#8221;on&#8221; button_border_color__hover_enabled=&#8221;on|hover&#8221; button_border_color__hover=&#8221;#fbe200&#8243; button_letter_spacing__hover_enabled=&#8221;on|hover&#8221; button_letter_spacing__hover=&#8221;1px&#8221; background_layout__hover_enabled=&#8221;on|hover&#8221; background_layout__hover=&#8221;light&#8221; sticky_enabled=&#8221;0&#8243;][\/et_pb_button][\/et_pb_column][et_pb_column type=&#8221;1_2&#8243; _builder_version=&#8221;4.16&#8243; global_colors_info=&#8221;{}&#8221;][et_pb_image src=&#8221;https:\/\/www.noriviterie.it\/wp-content\/uploads\/2022\/07\/azienda_0001_STE_5714.jpg&#8221; title_text=&#8221;azienda_0001_STE_5714&#8243; _builder_version=&#8221;4.17.4&#8243; global_colors_info=&#8221;{}&#8221;][\/et_pb_image][et_pb_image src=&#8221;https:\/\/www.noriviterie.it\/wp-content\/uploads\/2022\/07\/azienda_0002_STE_5708.jpg&#8221; title_text=&#8221;azienda_0002_STE_5708&#8243; _builder_version=&#8221;4.17.4&#8243; max_width=&#8221;400px&#8221; max_width_tablet=&#8221;70%&#8221; max_width_phone=&#8221;60%&#8221; max_width_last_edited=&#8221;on|desktop&#8221; custom_margin=&#8221;-303px|||-50px&#8221; custom_margin_tablet=&#8221;|||0px&#8221; custom_margin_phone=&#8221;-70px||15px|0px|false|false&#8221; custom_margin_last_edited=&#8221;on|desktop&#8221; border_width_top=&#8221;14px&#8221; border_color_top=&#8221;#ffffff&#8221; border_width_right=&#8221;14px&#8221; border_color_right=&#8221;#ffffff&#8221; global_colors_info=&#8221;{}&#8221;][\/et_pb_image][\/et_pb_column][\/et_pb_row][\/et_pb_section]<\/p>\n","protected":false},"excerpt":{"rendered":"<p>CompanyVITAL SPASince decades, VITAL S.p.A. has been synonymous of quality and reliability in the world of Fasteners. In the current market, our strength points are High-Level Products and Fast Supplies with availability to meet customers\u2019 needs, whether they are large industries or small end users. Our customers can count on 15,000 available items and a [&hellip;]<\/p>\n","protected":false},"author":1,"featured_media":0,"parent":0,"menu_order":41,"comment_status":"closed","ping_status":"closed","template":"","meta":{"_et_pb_use_builder":"on","_et_pb_old_content":"<!-- wp:paragraph -->\r\n<p>Questa \u00e8 una pagina di esempio. Differisce da un articolo di un blog perch\u00e9 rimane sempre allo stesso posto e (in molti temi) appare nel menu di navigazione. Molte persone iniziano con una pagina di Informazioni che li presentano ai visitatori del sito. Potrebbe apparire una presentazione del tipo:<\/p>\r\n<!-- \/wp:paragraph -->\r\n\r\n<!-- wp:quote -->\r\n<blockquote class=\"wp-block-quote\"><p>Ciao! Sono un fattorino ciclista di giorno, aspirante attore di notte e questo \u00e8 il mio sito web. Vivo a Los Angeles, ho un grande cane di nome Jack e mi piace la pi\u00f1a colada. (E prendere la pioggia)<\/p><\/blockquote>\r\n<!-- \/wp:quote -->\r\n\r\n<!-- wp:paragraph -->\r\n<p>...o qualcosa di simile:<\/p>\r\n<!-- \/wp:paragraph -->\r\n\r\n<!-- wp:quote -->\r\n<blockquote class=\"wp-block-quote\"><p>La Societ\u00e0 XYZ Aggeggi \u00e8 stata fondata nel 1971 e da allora fornisce al pubblico aggeggi di ottima qualit\u00e0. Situata a Fantasilandia, XYZ impiega oltre 2.000 persone e realizza ogni sorta di aggeggio fantastico per la comunit\u00e0 di Fantasilandia.<\/p><\/blockquote>\r\n<!-- \/wp:quote -->\r\n\r\n<!-- wp:paragraph -->\r\n<p>Come nuovo utente di WordPress, dovresti andare nella tua <a href=\"http:\/\/wp-smart1.install.prismiweb.net\/wp-admin\/\">Bacheca<\/a> per eliminare questa pagina, e crearne delle nuove per i tuoi contenuti. Divertiti!<\/p>\r\n<!-- \/wp:paragraph -->","_et_gb_content_width":"","ngg_post_thumbnail":0,"footnotes":""},"class_list":["post-50092","page","type-page","status-publish","hentry"],"yoast_head":"<!-- This site is optimized with the Yoast SEO plugin v19.14 - https:\/\/yoast.com\/wordpress\/plugins\/seo\/ -->\n<title>Company - NORI VITERIE SRL<\/title>\n<meta name=\"description\" content=\"https:\/\/www.noriviterie.it\/azienda\/\" \/>\n<meta name=\"robots\" content=\"index, follow, max-snippet:-1, max-image-preview:large, max-video-preview:-1\" \/>\n<link rel=\"canonical\" href=\"https:\/\/www.noriviterie.it\/en\/chi-siamo\/\" \/>\n<meta property=\"og:locale\" content=\"en_US\" \/>\n<meta property=\"og:type\" content=\"article\" \/>\n<meta property=\"og:title\" content=\"Company - NORI VITERIE SRL\" \/>\n<meta property=\"og:description\" content=\"https:\/\/www.noriviterie.it\/azienda\/\" \/>\n<meta property=\"og:url\" content=\"https:\/\/www.noriviterie.it\/en\/chi-siamo\/\" \/>\n<meta property=\"og:site_name\" content=\"NORI VITERIE SRL\" \/>\n<meta property=\"article:modified_time\" content=\"2024-03-01T10:16:04+00:00\" \/>\n<meta name=\"twitter:card\" content=\"summary_large_image\" \/>\n<meta name=\"twitter:label1\" content=\"Est. reading time\" \/>\n\t<meta name=\"twitter:data1\" content=\"4 minutes\" \/>\n<script type=\"application\/ld+json\" class=\"yoast-schema-graph\">{\"@context\":\"https:\/\/schema.org\",\"@graph\":[{\"@type\":\"WebPage\",\"@id\":\"https:\/\/www.noriviterie.it\/en\/chi-siamo\/\",\"url\":\"https:\/\/www.noriviterie.it\/en\/chi-siamo\/\",\"name\":\"Company - NORI VITERIE SRL\",\"isPartOf\":{\"@id\":\"https:\/\/www.noriviterie.it\/en\/#website\"},\"datePublished\":\"2021-11-05T10:25:33+00:00\",\"dateModified\":\"2024-03-01T10:16:04+00:00\",\"description\":\"https:\/\/www.noriviterie.it\/azienda\/\",\"breadcrumb\":{\"@id\":\"https:\/\/www.noriviterie.it\/en\/chi-siamo\/#breadcrumb\"},\"inLanguage\":\"en-US\",\"potentialAction\":[{\"@type\":\"ReadAction\",\"target\":[\"https:\/\/www.noriviterie.it\/en\/chi-siamo\/\"]}]},{\"@type\":\"BreadcrumbList\",\"@id\":\"https:\/\/www.noriviterie.it\/en\/chi-siamo\/#breadcrumb\",\"itemListElement\":[{\"@type\":\"ListItem\",\"position\":1,\"name\":\"Home\",\"item\":\"https:\/\/www.noriviterie.it\/en\/\"},{\"@type\":\"ListItem\",\"position\":2,\"name\":\"Company\"}]},{\"@type\":\"WebSite\",\"@id\":\"https:\/\/www.noriviterie.it\/en\/#website\",\"url\":\"https:\/\/www.noriviterie.it\/en\/\",\"name\":\"NORI VITERIE SRL\",\"description\":\"NORI VITERIE SRL website\",\"potentialAction\":[{\"@type\":\"SearchAction\",\"target\":{\"@type\":\"EntryPoint\",\"urlTemplate\":\"https:\/\/www.noriviterie.it\/en\/?s={search_term_string}\"},\"query-input\":\"required name=search_term_string\"}],\"inLanguage\":\"en-US\"}]}<\/script>\n<!-- \/ Yoast SEO plugin. -->","yoast_head_json":{"title":"Company - NORI VITERIE SRL","description":"https:\/\/www.noriviterie.it\/azienda\/","robots":{"index":"index","follow":"follow","max-snippet":"max-snippet:-1","max-image-preview":"max-image-preview:large","max-video-preview":"max-video-preview:-1"},"canonical":"https:\/\/www.noriviterie.it\/en\/chi-siamo\/","og_locale":"en_US","og_type":"article","og_title":"Company - NORI VITERIE SRL","og_description":"https:\/\/www.noriviterie.it\/azienda\/","og_url":"https:\/\/www.noriviterie.it\/en\/chi-siamo\/","og_site_name":"NORI VITERIE SRL","article_modified_time":"2024-03-01T10:16:04+00:00","twitter_card":"summary_large_image","twitter_misc":{"Est. reading time":"4 minutes"},"schema":{"@context":"https:\/\/schema.org","@graph":[{"@type":"WebPage","@id":"https:\/\/www.noriviterie.it\/en\/chi-siamo\/","url":"https:\/\/www.noriviterie.it\/en\/chi-siamo\/","name":"Company - NORI VITERIE SRL","isPartOf":{"@id":"https:\/\/www.noriviterie.it\/en\/#website"},"datePublished":"2021-11-05T10:25:33+00:00","dateModified":"2024-03-01T10:16:04+00:00","description":"https:\/\/www.noriviterie.it\/azienda\/","breadcrumb":{"@id":"https:\/\/www.noriviterie.it\/en\/chi-siamo\/#breadcrumb"},"inLanguage":"en-US","potentialAction":[{"@type":"ReadAction","target":["https:\/\/www.noriviterie.it\/en\/chi-siamo\/"]}]},{"@type":"BreadcrumbList","@id":"https:\/\/www.noriviterie.it\/en\/chi-siamo\/#breadcrumb","itemListElement":[{"@type":"ListItem","position":1,"name":"Home","item":"https:\/\/www.noriviterie.it\/en\/"},{"@type":"ListItem","position":2,"name":"Company"}]},{"@type":"WebSite","@id":"https:\/\/www.noriviterie.it\/en\/#website","url":"https:\/\/www.noriviterie.it\/en\/","name":"NORI VITERIE SRL","description":"NORI VITERIE SRL website","potentialAction":[{"@type":"SearchAction","target":{"@type":"EntryPoint","urlTemplate":"https:\/\/www.noriviterie.it\/en\/?s={search_term_string}"},"query-input":"required name=search_term_string"}],"inLanguage":"en-US"}]}},"_links":{"self":[{"href":"https:\/\/www.noriviterie.it\/en\/wp-json\/wp\/v2\/pages\/50092","targetHints":{"allow":["GET"]}}],"collection":[{"href":"https:\/\/www.noriviterie.it\/en\/wp-json\/wp\/v2\/pages"}],"about":[{"href":"https:\/\/www.noriviterie.it\/en\/wp-json\/wp\/v2\/types\/page"}],"author":[{"embeddable":true,"href":"https:\/\/www.noriviterie.it\/en\/wp-json\/wp\/v2\/users\/1"}],"replies":[{"embeddable":true,"href":"https:\/\/www.noriviterie.it\/en\/wp-json\/wp\/v2\/comments?post=50092"}],"version-history":[{"count":6,"href":"https:\/\/www.noriviterie.it\/en\/wp-json\/wp\/v2\/pages\/50092\/revisions"}],"predecessor-version":[{"id":50532,"href":"https:\/\/www.noriviterie.it\/en\/wp-json\/wp\/v2\/pages\/50092\/revisions\/50532"}],"wp:attachment":[{"href":"https:\/\/www.noriviterie.it\/en\/wp-json\/wp\/v2\/media?parent=50092"}],"curies":[{"name":"wp","href":"https:\/\/api.w.org\/{rel}","templated":true}]}}