{"id":50080,"date":"2022-07-06T10:29:03","date_gmt":"2022-07-06T08:29:03","guid":{"rendered":"https:\/\/www.noriviterie.it\/storia\/"},"modified":"2024-03-01T11:22:33","modified_gmt":"2024-03-01T10:22:33","slug":"storia","status":"publish","type":"page","link":"https:\/\/www.noriviterie.it\/en\/storia\/","title":{"rendered":"History"},"content":{"rendered":"<p>[et_pb_section fb_built=&#8221;1&#8243; _builder_version=&#8221;4.16&#8243; custom_margin=&#8221;||60px||false|false&#8221; custom_padding=&#8221;||||true|false&#8221; global_colors_info=&#8221;{}&#8221;][et_pb_row column_structure=&#8221;1_2,1_2&#8243; use_custom_gutter=&#8221;on&#8221; gutter_width=&#8221;2&#8243; make_equal=&#8221;on&#8221; _builder_version=&#8221;4.16&#8243; width_tablet=&#8221;90%&#8221; width_phone=&#8221;90%&#8221; width_last_edited=&#8221;off|tablet&#8221; max_width_tablet=&#8221;90%&#8221; max_width_phone=&#8221;90%&#8221; max_width_last_edited=&#8221;off|phone&#8221; custom_margin=&#8221;||36px&#8221; global_colors_info=&#8221;{}&#8221;][et_pb_column type=&#8221;1_2&#8243; _builder_version=&#8221;4.16&#8243; global_colors_info=&#8221;{}&#8221;][et_pb_text _builder_version=&#8221;4.17.4&#8243; text_font=&#8221;|600||on|||||&#8221; text_text_color=&#8221;gcid-ec6a7223-83e2-4ce4-9e62-571611233803&#8243; text_letter_spacing=&#8221;2px&#8221; text_line_height=&#8221;1.3em&#8221; global_colors_info=&#8221;{%22gcid-ec6a7223-83e2-4ce4-9e62-571611233803%22:%91%22text_text_color%22%93}&#8221;]<\/p>\n<p>History<\/p>\n<p>[\/et_pb_text][et_pb_text _builder_version=&#8221;4.17.4&#8243; header_font=&#8221;|300|||||||&#8221; header_font_size=&#8221;40px&#8221; header_2_font=&#8221;Poppins|300|||||||&#8221; header_2_text_color=&#8221;#000000&#8243; header_2_font_size=&#8221;40px&#8221; header_2_line_height=&#8221;1.4em&#8221; custom_margin_tablet=&#8221;-16px||7px&#8221; custom_margin_phone=&#8221;-13px||6px&#8221; custom_margin_last_edited=&#8221;on|desktop&#8221; header_font_size_tablet=&#8221;35px&#8221; header_font_size_phone=&#8221;28px&#8221; header_font_size_last_edited=&#8221;on|desktop&#8221; header_2_font_size_tablet=&#8221;&#8221; header_2_font_size_phone=&#8221;25px&#8221; header_2_font_size_last_edited=&#8221;on|desktop&#8221; global_colors_info=&#8221;{}&#8221;]<\/p>\n<h1>History<\/h1>\n<p>[\/et_pb_text][et_pb_text _builder_version=&#8221;4.17.4&#8243; text_font=&#8221;|300|||||||&#8221; text_text_color=&#8221;#000000&#8243; max_width=&#8221;493px&#8221; max_width_tablet=&#8221;100%&#8221; max_width_phone=&#8221;&#8221; max_width_last_edited=&#8221;on|tablet&#8221; custom_padding=&#8221;12px|30px||&#8221; custom_padding_tablet=&#8221;0px|0px||&#8221; custom_padding_phone=&#8221;0px|0px||&#8221; custom_padding_last_edited=&#8221;on|desktop&#8221; global_colors_info=&#8221;{}&#8221;]<\/p>\n<div>Inaugurated in January 2024 as a territorial branch of <strong>VITAL S.p.A.<\/strong>, Sesto San Giovanni seat has its origins in a historic company operating in the Fasteners sector since 1965.<\/p>\n<\/div>\n<div>First under the name of <strong>RIBE ITALIANA<\/strong>, as exclusive distributor for Italy of the German Richard Bergner Gmbh &amp; Co., and then as an autonomous entity under the new company name <strong>NORI VITERIE SRL<\/strong>, the company continued its growth and affirmation thanks to the profound knowledge of the market of Mr. Francesco Panzini.<\/p>\n<\/div>\n<div>In July 2021 <strong>NORI VITERIE S.r.l.<\/strong> was finally acquired by <strong>VITAL S.p.A<\/strong> (link to the Official Press Release) and the corporate integration process was concluded at the end of 2023 with the incorporation of the subsidiary.<\/div>\n<p>&nbsp;<\/p>\n<p>[\/et_pb_text][\/et_pb_column][et_pb_column type=&#8221;1_2&#8243; _builder_version=&#8221;4.16&#8243; global_colors_info=&#8221;{}&#8221;][et_pb_image src=&#8221;https:\/\/www.noriviterie.it\/wp-content\/uploads\/2022\/07\/storia_0002_STE_5626.jpg&#8221; title_text=&#8221;storia_0002_STE_5626&#8243; force_fullwidth=&#8221;on&#8221; _builder_version=&#8221;4.17.4&#8243; global_colors_info=&#8221;{}&#8221;][\/et_pb_image][\/et_pb_column][\/et_pb_row][\/et_pb_section]<\/p>\n","protected":false},"excerpt":{"rendered":"<p>HistoryHistoryInaugurated in January 2024 as a territorial branch of VITAL S.p.A., Sesto San Giovanni seat has its origins in a historic company operating in the Fasteners sector since 1965. First under the name of RIBE ITALIANA, as exclusive distributor for Italy of the German Richard Bergner Gmbh &amp; Co., and then as an autonomous entity [&hellip;]<\/p>\n","protected":false},"author":1,"featured_media":0,"parent":0,"menu_order":40,"comment_status":"closed","ping_status":"closed","template":"","meta":{"_et_pb_use_builder":"on","_et_pb_old_content":"<!-- wp:paragraph -->\r\n<p>Questa \u00e8 una pagina di esempio. Differisce da un articolo di un blog perch\u00e9 rimane sempre allo stesso posto e (in molti temi) appare nel menu di navigazione. Molte persone iniziano con una pagina di Informazioni che li presentano ai visitatori del sito. Potrebbe apparire una presentazione del tipo:<\/p>\r\n<!-- \/wp:paragraph -->\r\n\r\n<!-- wp:quote -->\r\n<blockquote class=\"wp-block-quote\"><p>Ciao! Sono un fattorino ciclista di giorno, aspirante attore di notte e questo \u00e8 il mio sito web. Vivo a Los Angeles, ho un grande cane di nome Jack e mi piace la pi\u00f1a colada. (E prendere la pioggia)<\/p><\/blockquote>\r\n<!-- \/wp:quote -->\r\n\r\n<!-- wp:paragraph -->\r\n<p>...o qualcosa di simile:<\/p>\r\n<!-- \/wp:paragraph -->\r\n\r\n<!-- wp:quote -->\r\n<blockquote class=\"wp-block-quote\"><p>La Societ\u00e0 XYZ Aggeggi \u00e8 stata fondata nel 1971 e da allora fornisce al pubblico aggeggi di ottima qualit\u00e0. Situata a Fantasilandia, XYZ impiega oltre 2.000 persone e realizza ogni sorta di aggeggio fantastico per la comunit\u00e0 di Fantasilandia.<\/p><\/blockquote>\r\n<!-- \/wp:quote -->\r\n\r\n<!-- wp:paragraph -->\r\n<p>Come nuovo utente di WordPress, dovresti andare nella tua <a href=\"http:\/\/wp-smart1.install.prismiweb.net\/wp-admin\/\">Bacheca<\/a> per eliminare questa pagina, e crearne delle nuove per i tuoi contenuti. Divertiti!<\/p>\r\n<!-- \/wp:paragraph -->","_et_gb_content_width":"","ngg_post_thumbnail":0,"footnotes":""},"class_list":["post-50080","page","type-page","status-publish","hentry"],"yoast_head":"<!-- This site is optimized with the Yoast SEO plugin v19.14 - https:\/\/yoast.com\/wordpress\/plugins\/seo\/ -->\n<title>History - NORI VITERIE SRL<\/title>\n<meta name=\"robots\" content=\"index, follow, max-snippet:-1, max-image-preview:large, max-video-preview:-1\" \/>\n<link rel=\"canonical\" href=\"https:\/\/www.noriviterie.it\/en\/storia\/\" \/>\n<meta property=\"og:locale\" content=\"en_US\" \/>\n<meta property=\"og:type\" content=\"article\" \/>\n<meta property=\"og:title\" content=\"History - NORI VITERIE SRL\" \/>\n<meta property=\"og:description\" content=\"HistoryHistoryInaugurated in January 2024 as a territorial branch of VITAL S.p.A., Sesto San Giovanni seat has its origins in a historic company operating in the Fasteners sector since 1965. First under the name of RIBE ITALIANA, as exclusive distributor for Italy of the German Richard Bergner Gmbh &amp; Co., and then as an autonomous entity [&hellip;]\" \/>\n<meta property=\"og:url\" content=\"https:\/\/www.noriviterie.it\/en\/storia\/\" \/>\n<meta property=\"og:site_name\" content=\"NORI VITERIE SRL\" \/>\n<meta property=\"article:modified_time\" content=\"2024-03-01T10:22:33+00:00\" \/>\n<meta name=\"twitter:card\" content=\"summary_large_image\" \/>\n<meta name=\"twitter:label1\" content=\"Est. reading time\" \/>\n\t<meta name=\"twitter:data1\" content=\"2 minutes\" \/>\n<script type=\"application\/ld+json\" class=\"yoast-schema-graph\">{\"@context\":\"https:\/\/schema.org\",\"@graph\":[{\"@type\":\"WebPage\",\"@id\":\"https:\/\/www.noriviterie.it\/en\/storia\/\",\"url\":\"https:\/\/www.noriviterie.it\/en\/storia\/\",\"name\":\"History - NORI VITERIE SRL\",\"isPartOf\":{\"@id\":\"https:\/\/www.noriviterie.it\/en\/#website\"},\"datePublished\":\"2022-07-06T08:29:03+00:00\",\"dateModified\":\"2024-03-01T10:22:33+00:00\",\"breadcrumb\":{\"@id\":\"https:\/\/www.noriviterie.it\/en\/storia\/#breadcrumb\"},\"inLanguage\":\"en-US\",\"potentialAction\":[{\"@type\":\"ReadAction\",\"target\":[\"https:\/\/www.noriviterie.it\/en\/storia\/\"]}]},{\"@type\":\"BreadcrumbList\",\"@id\":\"https:\/\/www.noriviterie.it\/en\/storia\/#breadcrumb\",\"itemListElement\":[{\"@type\":\"ListItem\",\"position\":1,\"name\":\"Home\",\"item\":\"https:\/\/www.noriviterie.it\/en\/\"},{\"@type\":\"ListItem\",\"position\":2,\"name\":\"History\"}]},{\"@type\":\"WebSite\",\"@id\":\"https:\/\/www.noriviterie.it\/en\/#website\",\"url\":\"https:\/\/www.noriviterie.it\/en\/\",\"name\":\"NORI VITERIE SRL\",\"description\":\"NORI VITERIE SRL website\",\"potentialAction\":[{\"@type\":\"SearchAction\",\"target\":{\"@type\":\"EntryPoint\",\"urlTemplate\":\"https:\/\/www.noriviterie.it\/en\/?s={search_term_string}\"},\"query-input\":\"required name=search_term_string\"}],\"inLanguage\":\"en-US\"}]}<\/script>\n<!-- \/ Yoast SEO plugin. -->","yoast_head_json":{"title":"History - NORI VITERIE SRL","robots":{"index":"index","follow":"follow","max-snippet":"max-snippet:-1","max-image-preview":"max-image-preview:large","max-video-preview":"max-video-preview:-1"},"canonical":"https:\/\/www.noriviterie.it\/en\/storia\/","og_locale":"en_US","og_type":"article","og_title":"History - NORI VITERIE SRL","og_description":"HistoryHistoryInaugurated in January 2024 as a territorial branch of VITAL S.p.A., Sesto San Giovanni seat has its origins in a historic company operating in the Fasteners sector since 1965. First under the name of RIBE ITALIANA, as exclusive distributor for Italy of the German Richard Bergner Gmbh &amp; Co., and then as an autonomous entity [&hellip;]","og_url":"https:\/\/www.noriviterie.it\/en\/storia\/","og_site_name":"NORI VITERIE SRL","article_modified_time":"2024-03-01T10:22:33+00:00","twitter_card":"summary_large_image","twitter_misc":{"Est. reading time":"2 minutes"},"schema":{"@context":"https:\/\/schema.org","@graph":[{"@type":"WebPage","@id":"https:\/\/www.noriviterie.it\/en\/storia\/","url":"https:\/\/www.noriviterie.it\/en\/storia\/","name":"History - NORI VITERIE SRL","isPartOf":{"@id":"https:\/\/www.noriviterie.it\/en\/#website"},"datePublished":"2022-07-06T08:29:03+00:00","dateModified":"2024-03-01T10:22:33+00:00","breadcrumb":{"@id":"https:\/\/www.noriviterie.it\/en\/storia\/#breadcrumb"},"inLanguage":"en-US","potentialAction":[{"@type":"ReadAction","target":["https:\/\/www.noriviterie.it\/en\/storia\/"]}]},{"@type":"BreadcrumbList","@id":"https:\/\/www.noriviterie.it\/en\/storia\/#breadcrumb","itemListElement":[{"@type":"ListItem","position":1,"name":"Home","item":"https:\/\/www.noriviterie.it\/en\/"},{"@type":"ListItem","position":2,"name":"History"}]},{"@type":"WebSite","@id":"https:\/\/www.noriviterie.it\/en\/#website","url":"https:\/\/www.noriviterie.it\/en\/","name":"NORI VITERIE SRL","description":"NORI VITERIE SRL website","potentialAction":[{"@type":"SearchAction","target":{"@type":"EntryPoint","urlTemplate":"https:\/\/www.noriviterie.it\/en\/?s={search_term_string}"},"query-input":"required name=search_term_string"}],"inLanguage":"en-US"}]}},"_links":{"self":[{"href":"https:\/\/www.noriviterie.it\/en\/wp-json\/wp\/v2\/pages\/50080","targetHints":{"allow":["GET"]}}],"collection":[{"href":"https:\/\/www.noriviterie.it\/en\/wp-json\/wp\/v2\/pages"}],"about":[{"href":"https:\/\/www.noriviterie.it\/en\/wp-json\/wp\/v2\/types\/page"}],"author":[{"embeddable":true,"href":"https:\/\/www.noriviterie.it\/en\/wp-json\/wp\/v2\/users\/1"}],"replies":[{"embeddable":true,"href":"https:\/\/www.noriviterie.it\/en\/wp-json\/wp\/v2\/comments?post=50080"}],"version-history":[{"count":8,"href":"https:\/\/www.noriviterie.it\/en\/wp-json\/wp\/v2\/pages\/50080\/revisions"}],"predecessor-version":[{"id":50538,"href":"https:\/\/www.noriviterie.it\/en\/wp-json\/wp\/v2\/pages\/50080\/revisions\/50538"}],"wp:attachment":[{"href":"https:\/\/www.noriviterie.it\/en\/wp-json\/wp\/v2\/media?parent=50080"}],"curies":[{"name":"wp","href":"https:\/\/api.w.org\/{rel}","templated":true}]}}