{"id":50079,"date":"2022-07-06T11:39:33","date_gmt":"2022-07-06T09:39:33","guid":{"rendered":"https:\/\/www.noriviterie.it\/viteria-unificata\/"},"modified":"2022-12-27T15:58:43","modified_gmt":"2022-12-27T14:58:43","slug":"unified-screw","status":"publish","type":"page","link":"https:\/\/www.noriviterie.it\/en\/unified-screw\/","title":{"rendered":"Unified screw"},"content":{"rendered":"<p>[et_pb_section fb_built=&#8221;1&#8243; _builder_version=&#8221;4.16&#8243; _module_preset=&#8221;default&#8221; global_colors_info=&#8221;{}&#8221;][et_pb_row _builder_version=&#8221;4.16&#8243; _module_preset=&#8221;default&#8221; width=&#8221;90%&#8221; global_colors_info=&#8221;{}&#8221;][et_pb_column type=&#8221;4_4&#8243; _builder_version=&#8221;4.16&#8243; _module_preset=&#8221;default&#8221; global_colors_info=&#8221;{}&#8221;][et_pb_post_title meta=&#8221;off&#8221; featured_image=&#8221;off&#8221; _builder_version=&#8221;4.17.4&#8243; _module_preset=&#8221;default&#8221; title_font=&#8221;|700|||||||&#8221; title_text_align=&#8221;center&#8221; title_text_color=&#8221;gcid-ec6a7223-83e2-4ce4-9e62-571611233803&#8243; title_font_size=&#8221;35px&#8221; title_font_size_tablet=&#8221;30px&#8221; title_font_size_phone=&#8221;22px&#8221; title_font_size_last_edited=&#8221;on|desktop&#8221; global_colors_info=&#8221;{%22gcid-ec6a7223-83e2-4ce4-9e62-571611233803%22:%91%22title_text_color%22%93}&#8221;][\/et_pb_post_title][\/et_pb_column][\/et_pb_row][et_pb_row use_custom_gutter=&#8221;on&#8221; gutter_width=&#8221;2&#8243; _builder_version=&#8221;4.16&#8243; _module_preset=&#8221;default&#8221; global_colors_info=&#8221;{}&#8221;][et_pb_column type=&#8221;4_4&#8243; _builder_version=&#8221;4.16&#8243; _module_preset=&#8221;default&#8221; global_colors_info=&#8221;{}&#8221;][et_pb_blog fullwidth=&#8221;off&#8221; posts_number=&#8221;99&#8243; include_categories=&#8221;17&#8243; show_more=&#8221;on&#8221; show_author=&#8221;off&#8221; show_date=&#8221;off&#8221; show_categories=&#8221;off&#8221; show_excerpt=&#8221;off&#8221; show_pagination=&#8221;off&#8221; _builder_version=&#8221;4.17.4&#8243; _module_preset=&#8221;default&#8221; header_font=&#8221;|700|||||||&#8221; header_text_align=&#8221;center&#8221; header_text_color=&#8221;#000000&#8243; header_font_size=&#8221;16px&#8221; header_line_height=&#8221;1.3em&#8221; body_text_align=&#8221;center&#8221; read_more_text_color=&#8221;gcid-ec6a7223-83e2-4ce4-9e62-571611233803&#8243; hover_enabled=&#8221;0&#8243; custom_css_title=&#8221;height:50px;&#8221; border_radii=&#8221;on|10px|10px|10px|10px&#8221; border_width_all=&#8221;0px&#8221; box_shadow_style=&#8221;preset3&#8243; box_shadow_vertical=&#8221;0px&#8221; global_colors_info=&#8221;{%22gcid-ec6a7223-83e2-4ce4-9e62-571611233803%22:%91%22read_more_text_color%22%93}&#8221; sticky_enabled=&#8221;0&#8243; custom_css_featured_image=&#8221;height:200px;||object-fit:cover;&#8221;][\/et_pb_blog][\/et_pb_column][\/et_pb_row][\/et_pb_section][et_pb_section fb_built=&#8221;1&#8243; _builder_version=&#8221;4.17.4&#8243; _module_preset=&#8221;default&#8221; background_color=&#8221;gcid-ec6a7223-83e2-4ce4-9e62-571611233803&#8243; custom_padding=&#8221;50px||50px||true|false&#8221; animation_style=&#8221;zoom&#8221; animation_direction=&#8221;bottom&#8221; animation_duration=&#8221;1500ms&#8221; animation_delay=&#8221;500ms&#8221; animation_speed_curve=&#8221;ease&#8221; global_module=&#8221;49416&#8243; saved_tabs=&#8221;all&#8221; global_colors_info=&#8221;{%22gcid-ec6a7223-83e2-4ce4-9e62-571611233803%22:%91%22background_color%22%93}&#8221;][et_pb_row use_custom_gutter=&#8221;on&#8221; gutter_width=&#8221;2&#8243; make_equal=&#8221;on&#8221; _builder_version=&#8221;4.17.4&#8243; _module_preset=&#8221;default&#8221; width=&#8221;90%&#8221; width_tablet=&#8221;90%&#8221; width_phone=&#8221;90%&#8221; width_last_edited=&#8221;on|tablet&#8221; max_width=&#8221;1200px&#8221; max_width_tablet=&#8221;90%&#8221; max_width_phone=&#8221;90%&#8221; max_width_last_edited=&#8221;on|desktop&#8221; custom_padding=&#8221;0px||0px||true|false&#8221; global_colors_info=&#8221;{}&#8221;][et_pb_column type=&#8221;4_4&#8243; _builder_version=&#8221;4.16&#8243; _module_preset=&#8221;default&#8221; custom_padding=&#8221;|||&#8221; global_colors_info=&#8221;{}&#8221; custom_padding__hover=&#8221;|||&#8221;][et_pb_blurb title=&#8221;Contattaci subito&#8221; use_icon=&#8221;on&#8221; font_icon=&#8221;&#xf879;||fa||900&#8243; icon_color=&#8221;#FFFFFF&#8221; image_icon_width=&#8221;45px&#8221; content_max_width=&#8221;100%&#8221; icon_placement_tablet=&#8221;top&#8221; icon_placement_phone=&#8221;top&#8221; icon_placement_last_edited=&#8221;on|phone&#8221; icon_alignment_tablet=&#8221;center&#8221; icon_alignment_phone=&#8221;center&#8221; icon_alignment_last_edited=&#8221;on|desktop&#8221; _builder_version=&#8221;4.17.4&#8243; _module_preset=&#8221;default&#8221; header_font=&#8221;|700|||||||&#8221; header_text_align=&#8221;left&#8221; header_text_color=&#8221;#FFFFFF&#8221; header_font_size=&#8221;30px&#8221; image_icon_custom_padding_tablet=&#8221;&#8221; image_icon_custom_padding_phone=&#8221;&#8221; image_icon_custom_padding_last_edited=&#8221;on|phone&#8221; module_alignment=&#8221;center&#8221; custom_margin=&#8221;0px||-30px||false|false&#8221; custom_margin_tablet=&#8221;&#8221; custom_margin_phone=&#8221;&#8221; custom_margin_last_edited=&#8221;on|phone&#8221; custom_padding=&#8221;5px||||false|false&#8221; animation=&#8221;off&#8221; link_option_url=&#8221;tel:+390226221617&#8243; header_text_align_tablet=&#8221;center&#8221; header_text_align_phone=&#8221;center&#8221; header_text_align_last_edited=&#8221;on|phone&#8221; header_font_size_tablet=&#8221;30px&#8221; header_font_size_phone=&#8221;25px&#8221; header_font_size_last_edited=&#8221;on|phone&#8221; header_line_height_tablet=&#8221;&#8221; header_line_height_phone=&#8221;1.3em&#8221; header_line_height_last_edited=&#8221;on|phone&#8221; custom_css_main_element=&#8221;justify-content:center;||margin:0 auto;||display:grid;||gap:30px;&#8221; custom_css_blurb_title=&#8221;display:grid;||place-items:center;&#8221; border_width_all_image_tablet=&#8221;&#8221; border_width_all_image_phone=&#8221;&#8221; border_width_all_image_last_edited=&#8221;on|phone&#8221; image_max_width=&#8221;45px&#8221; global_colors_info=&#8221;{}&#8221;][\/et_pb_blurb][\/et_pb_column][\/et_pb_row][\/et_pb_section]<\/p>\n","protected":false},"excerpt":{"rendered":"","protected":false},"author":1,"featured_media":0,"parent":0,"menu_order":38,"comment_status":"closed","ping_status":"closed","template":"","meta":{"_et_pb_use_builder":"on","_et_pb_old_content":"<!-- wp:paragraph -->\r\n<p>Questa \u00e8 una pagina di esempio. Differisce da un articolo di un blog perch\u00e9 rimane sempre allo stesso posto e (in molti temi) appare nel menu di navigazione. Molte persone iniziano con una pagina di Informazioni che li presentano ai visitatori del sito. Potrebbe apparire una presentazione del tipo:<\/p>\r\n<!-- \/wp:paragraph -->\r\n\r\n<!-- wp:quote -->\r\n<blockquote class=\"wp-block-quote\"><p>Ciao! Sono un fattorino ciclista di giorno, aspirante attore di notte e questo \u00e8 il mio sito web. Vivo a Los Angeles, ho un grande cane di nome Jack e mi piace la pi\u00f1a colada. (E prendere la pioggia)<\/p><\/blockquote>\r\n<!-- \/wp:quote -->\r\n\r\n<!-- wp:paragraph -->\r\n<p>...o qualcosa di simile:<\/p>\r\n<!-- \/wp:paragraph -->\r\n\r\n<!-- wp:quote -->\r\n<blockquote class=\"wp-block-quote\"><p>La Societ\u00e0 XYZ Aggeggi \u00e8 stata fondata nel 1971 e da allora fornisce al pubblico aggeggi di ottima qualit\u00e0. Situata a Fantasilandia, XYZ impiega oltre 2.000 persone e realizza ogni sorta di aggeggio fantastico per la comunit\u00e0 di Fantasilandia.<\/p><\/blockquote>\r\n<!-- \/wp:quote -->\r\n\r\n<!-- wp:paragraph -->\r\n<p>Come nuovo utente di WordPress, dovresti andare nella tua <a href=\"http:\/\/wp-smart1.install.prismiweb.net\/wp-admin\/\">Bacheca<\/a> per eliminare questa pagina, e crearne delle nuove per i tuoi contenuti. Divertiti!<\/p>\r\n<!-- \/wp:paragraph -->","_et_gb_content_width":"","ngg_post_thumbnail":0,"footnotes":""},"class_list":["post-50079","page","type-page","status-publish","hentry"],"yoast_head":"<!-- This site is optimized with the Yoast SEO plugin v19.14 - https:\/\/yoast.com\/wordpress\/plugins\/seo\/ -->\n<title>Unified screw - NORI VITERIE SRL<\/title>\n<meta name=\"robots\" content=\"index, follow, max-snippet:-1, max-image-preview:large, max-video-preview:-1\" \/>\n<link rel=\"canonical\" href=\"https:\/\/www.noriviterie.it\/en\/unified-screw\/\" \/>\n<meta property=\"og:locale\" content=\"en_US\" \/>\n<meta property=\"og:type\" content=\"article\" \/>\n<meta property=\"og:title\" content=\"Unified screw - NORI VITERIE SRL\" \/>\n<meta property=\"og:url\" content=\"https:\/\/www.noriviterie.it\/en\/unified-screw\/\" \/>\n<meta property=\"og:site_name\" content=\"NORI VITERIE SRL\" \/>\n<meta property=\"article:modified_time\" content=\"2022-12-27T14:58:43+00:00\" \/>\n<meta name=\"twitter:card\" content=\"summary_large_image\" \/>\n<meta name=\"twitter:label1\" content=\"Est. reading time\" \/>\n\t<meta name=\"twitter:data1\" content=\"3 minutes\" \/>\n<script type=\"application\/ld+json\" class=\"yoast-schema-graph\">{\"@context\":\"https:\/\/schema.org\",\"@graph\":[{\"@type\":\"WebPage\",\"@id\":\"https:\/\/www.noriviterie.it\/en\/unified-screw\/\",\"url\":\"https:\/\/www.noriviterie.it\/en\/unified-screw\/\",\"name\":\"Unified screw - NORI VITERIE SRL\",\"isPartOf\":{\"@id\":\"https:\/\/www.noriviterie.it\/en\/#website\"},\"datePublished\":\"2022-07-06T09:39:33+00:00\",\"dateModified\":\"2022-12-27T14:58:43+00:00\",\"breadcrumb\":{\"@id\":\"https:\/\/www.noriviterie.it\/en\/unified-screw\/#breadcrumb\"},\"inLanguage\":\"en-US\",\"potentialAction\":[{\"@type\":\"ReadAction\",\"target\":[\"https:\/\/www.noriviterie.it\/en\/unified-screw\/\"]}]},{\"@type\":\"BreadcrumbList\",\"@id\":\"https:\/\/www.noriviterie.it\/en\/unified-screw\/#breadcrumb\",\"itemListElement\":[{\"@type\":\"ListItem\",\"position\":1,\"name\":\"Home\",\"item\":\"https:\/\/www.noriviterie.it\/en\/\"},{\"@type\":\"ListItem\",\"position\":2,\"name\":\"Unified screw\"}]},{\"@type\":\"WebSite\",\"@id\":\"https:\/\/www.noriviterie.it\/en\/#website\",\"url\":\"https:\/\/www.noriviterie.it\/en\/\",\"name\":\"NORI VITERIE SRL\",\"description\":\"NORI VITERIE SRL website\",\"potentialAction\":[{\"@type\":\"SearchAction\",\"target\":{\"@type\":\"EntryPoint\",\"urlTemplate\":\"https:\/\/www.noriviterie.it\/en\/?s={search_term_string}\"},\"query-input\":\"required name=search_term_string\"}],\"inLanguage\":\"en-US\"}]}<\/script>\n<!-- \/ Yoast SEO plugin. -->","yoast_head_json":{"title":"Unified screw - NORI VITERIE SRL","robots":{"index":"index","follow":"follow","max-snippet":"max-snippet:-1","max-image-preview":"max-image-preview:large","max-video-preview":"max-video-preview:-1"},"canonical":"https:\/\/www.noriviterie.it\/en\/unified-screw\/","og_locale":"en_US","og_type":"article","og_title":"Unified screw - NORI VITERIE SRL","og_url":"https:\/\/www.noriviterie.it\/en\/unified-screw\/","og_site_name":"NORI VITERIE SRL","article_modified_time":"2022-12-27T14:58:43+00:00","twitter_card":"summary_large_image","twitter_misc":{"Est. reading time":"3 minutes"},"schema":{"@context":"https:\/\/schema.org","@graph":[{"@type":"WebPage","@id":"https:\/\/www.noriviterie.it\/en\/unified-screw\/","url":"https:\/\/www.noriviterie.it\/en\/unified-screw\/","name":"Unified screw - NORI VITERIE SRL","isPartOf":{"@id":"https:\/\/www.noriviterie.it\/en\/#website"},"datePublished":"2022-07-06T09:39:33+00:00","dateModified":"2022-12-27T14:58:43+00:00","breadcrumb":{"@id":"https:\/\/www.noriviterie.it\/en\/unified-screw\/#breadcrumb"},"inLanguage":"en-US","potentialAction":[{"@type":"ReadAction","target":["https:\/\/www.noriviterie.it\/en\/unified-screw\/"]}]},{"@type":"BreadcrumbList","@id":"https:\/\/www.noriviterie.it\/en\/unified-screw\/#breadcrumb","itemListElement":[{"@type":"ListItem","position":1,"name":"Home","item":"https:\/\/www.noriviterie.it\/en\/"},{"@type":"ListItem","position":2,"name":"Unified screw"}]},{"@type":"WebSite","@id":"https:\/\/www.noriviterie.it\/en\/#website","url":"https:\/\/www.noriviterie.it\/en\/","name":"NORI VITERIE SRL","description":"NORI VITERIE SRL website","potentialAction":[{"@type":"SearchAction","target":{"@type":"EntryPoint","urlTemplate":"https:\/\/www.noriviterie.it\/en\/?s={search_term_string}"},"query-input":"required name=search_term_string"}],"inLanguage":"en-US"}]}},"_links":{"self":[{"href":"https:\/\/www.noriviterie.it\/en\/wp-json\/wp\/v2\/pages\/50079","targetHints":{"allow":["GET"]}}],"collection":[{"href":"https:\/\/www.noriviterie.it\/en\/wp-json\/wp\/v2\/pages"}],"about":[{"href":"https:\/\/www.noriviterie.it\/en\/wp-json\/wp\/v2\/types\/page"}],"author":[{"embeddable":true,"href":"https:\/\/www.noriviterie.it\/en\/wp-json\/wp\/v2\/users\/1"}],"replies":[{"embeddable":true,"href":"https:\/\/www.noriviterie.it\/en\/wp-json\/wp\/v2\/comments?post=50079"}],"version-history":[{"count":2,"href":"https:\/\/www.noriviterie.it\/en\/wp-json\/wp\/v2\/pages\/50079\/revisions"}],"predecessor-version":[{"id":50150,"href":"https:\/\/www.noriviterie.it\/en\/wp-json\/wp\/v2\/pages\/50079\/revisions\/50150"}],"wp:attachment":[{"href":"https:\/\/www.noriviterie.it\/en\/wp-json\/wp\/v2\/media?parent=50079"}],"curies":[{"name":"wp","href":"https:\/\/api.w.org\/{rel}","templated":true}]}}